{"id":2092,"date":"2013-02-28T00:29:18","date_gmt":"2013-02-28T00:29:18","guid":{"rendered":"https:\/\/asa-sulingen.de\/?page_id=2092"},"modified":"2024-04-05T02:40:29","modified_gmt":"2024-04-05T02:40:29","slug":"training","status":"publish","type":"page","link":"https:\/\/asa-sulingen.de\/?page_id=2092","title":{"rendered":"Training"},"content":{"rendered":"<h4 style=\"text-align: center;\"><em><b>\u00a0<\/b><\/em><\/h4>\n<h3 style=\"text-align: center;\"><b>Starte Jetzt! <\/b><b><\/b><\/h3>\n<p style=\"text-align: center;\"><em>Mit einem <a href=\"https:\/\/asa-sulingen.de\/?p=3036\">Probetraining<\/a> findest du heraus, welcher Sport oder Art der Selbstverteidigung am besten zu dir passt:<br \/><\/em><\/p>\n<p><a href=\"https:\/\/asa-sulingen.de\/wp-content\/uploads\/2024_I.png\"><img loading=\"lazy\" decoding=\"async\" class=\"aligncenter size-medium wp-image-4129\" src=\"https:\/\/asa-sulingen.de\/wp-content\/uploads\/2024_I-300x210.png\" alt=\"\" width=\"300\" height=\"210\" srcset=\"https:\/\/asa-sulingen.de\/wp-content\/uploads\/2024_I-300x210.png 300w, https:\/\/asa-sulingen.de\/wp-content\/uploads\/2024_I-1024x717.png 1024w, https:\/\/asa-sulingen.de\/wp-content\/uploads\/2024_I-768x538.png 768w, https:\/\/asa-sulingen.de\/wp-content\/uploads\/2024_I.png 1041w\" sizes=\"auto, (max-width: 300px) 100vw, 300px\" \/><\/a> <a href=\"https:\/\/asa-sulingen.de\/wp-content\/uploads\/2024_A.png\"><img loading=\"lazy\" decoding=\"async\" class=\"aligncenter size-medium wp-image-4130\" src=\"https:\/\/asa-sulingen.de\/wp-content\/uploads\/2024_A-300x213.png\" alt=\"\" width=\"300\" height=\"213\" srcset=\"https:\/\/asa-sulingen.de\/wp-content\/uploads\/2024_A-300x213.png 300w, https:\/\/asa-sulingen.de\/wp-content\/uploads\/2024_A-1024x727.png 1024w, https:\/\/asa-sulingen.de\/wp-content\/uploads\/2024_A-768x545.png 768w, https:\/\/asa-sulingen.de\/wp-content\/uploads\/2024_A.png 1042w\" sizes=\"auto, (max-width: 300px) 100vw, 300px\" \/><\/a><\/p>\n<p style=\"text-align: center;\"><span style=\"color: #666699;\">Alle Fragen rund um das Training sowie Anmeldungen, Lebensfragen und gerne auch Besuche k\u00f6nnen immer nach vorheriger Terminvereinbarung erfolgen. Wir w\u00fcnschen euch viel Spa\u00df beim St\u00f6bern! Bei Fragen sind wir gerne f\u00fcr euch da (z.B. \u201cwas ist f\u00fcr mich\/ mein Kind das beste?\u201d oder \u00e4hnliches). Kontaktiert uns unter der Mobilnummer 0160-1580014 per Nachricht via WhatsApp\/ SMS oder schreibt eine DM via Instagram.<br \/><\/span><\/p>\n<div class=\"entry-content\">\u00a0<\/div>\n<div class=\"entry-content\">\n<p><em><span style=\"color: #999999;\"><strong><a style=\"color: #999999;\" href=\"https:\/\/asa-sulingen.de\/?page_id=3691\">TRANSPONDER <\/a>&#8211; <\/strong>Das neue System f\u00fcr Schicht-ArbeiterInnen oder alle, die gerne flexible \u00d6ffnungszeiten als Erg\u00e4nzung zum Unterricht nutzen m\u00f6chten!<\/span><\/em><\/p>\n<p><!--more--><\/p>\n<\/div>\n<p style=\"text-align: center;\">Sportliche Gr\u00fc\u00dfe<\/p>\n<h3 style=\"text-align: center;\"><b>Meisterin V. Nachtigall &amp; Team\u00a0<\/b><\/h3>\n<p style=\"text-align: center;\"><em><b>\u00a0<\/b><\/em><\/p>\n<div style=\"text-align: center;\"><em><em><b><em><b> <a href=\"https:\/\/asa-sulingen.de\/wp-content\/uploads\/VISITENKARTE.png\"><img loading=\"lazy\" decoding=\"async\" class=\"aligncenter wp-image-3984 size-medium\" src=\"https:\/\/asa-sulingen.de\/wp-content\/uploads\/VISITENKARTE-300x229.png\" alt=\"\" width=\"300\" height=\"229\" srcset=\"https:\/\/asa-sulingen.de\/wp-content\/uploads\/VISITENKARTE-300x229.png 300w, https:\/\/asa-sulingen.de\/wp-content\/uploads\/VISITENKARTE-1024x781.png 1024w, https:\/\/asa-sulingen.de\/wp-content\/uploads\/VISITENKARTE-768x585.png 768w, https:\/\/asa-sulingen.de\/wp-content\/uploads\/VISITENKARTE.png 1388w\" sizes=\"auto, (max-width: 300px) 100vw, 300px\" \/><\/a><\/b><\/em><\/b><\/em><\/em><\/div>\n<div style=\"text-align: center;\">\u00a0<\/div>\n<div style=\"text-align: center;\">\u00a0<\/div>\n\n\n<p><\/p>\n","protected":false},"excerpt":{"rendered":"<p>\u00a0 Starte Jetzt! Mit einem Probetraining findest du heraus, welcher Sport oder Art der Selbstverteidigung am besten zu dir passt: Alle Fragen rund um das Training sowie Anmeldungen, Lebensfragen und gerne auch Besuche k\u00f6nnen immer nach vorheriger Terminvereinbarung erfolgen. Wir w\u00fcnschen euch viel Spa\u00df beim St\u00f6bern! Bei Fragen sind wir gerne f\u00fcr euch da (z.B. <a href=\"https:\/\/asa-sulingen.de\/?page_id=2092\" rel=\"nofollow\"><span class=\"sr-only\">Read more about Training<\/span>[&hellip;]<\/a><\/p>\n","protected":false},"author":2,"featured_media":0,"parent":0,"menu_order":0,"comment_status":"open","ping_status":"closed","template":"","meta":{"_themeisle_gutenberg_block_has_review":false,"footnotes":""},"class_list":["post-2092","page","type-page","status-publish","hentry"],"_links":{"self":[{"href":"https:\/\/asa-sulingen.de\/index.php?rest_route=\/wp\/v2\/pages\/2092","targetHints":{"allow":["GET"]}}],"collection":[{"href":"https:\/\/asa-sulingen.de\/index.php?rest_route=\/wp\/v2\/pages"}],"about":[{"href":"https:\/\/asa-sulingen.de\/index.php?rest_route=\/wp\/v2\/types\/page"}],"author":[{"embeddable":true,"href":"https:\/\/asa-sulingen.de\/index.php?rest_route=\/wp\/v2\/users\/2"}],"replies":[{"embeddable":true,"href":"https:\/\/asa-sulingen.de\/index.php?rest_route=%2Fwp%2Fv2%2Fcomments&post=2092"}],"version-history":[{"count":210,"href":"https:\/\/asa-sulingen.de\/index.php?rest_route=\/wp\/v2\/pages\/2092\/revisions"}],"predecessor-version":[{"id":4132,"href":"https:\/\/asa-sulingen.de\/index.php?rest_route=\/wp\/v2\/pages\/2092\/revisions\/4132"}],"wp:attachment":[{"href":"https:\/\/asa-sulingen.de\/index.php?rest_route=%2Fwp%2Fv2%2Fmedia&parent=2092"}],"curies":[{"name":"wp","href":"https:\/\/api.w.org\/{rel}","templated":true}]}}