{"id":2124,"date":"2013-02-28T10:30:45","date_gmt":"2013-02-28T10:30:45","guid":{"rendered":"https:\/\/asa-sulingen.de\/?page_id=2124"},"modified":"2020-12-19T12:12:29","modified_gmt":"2020-12-19T12:12:29","slug":"anfahrt","status":"publish","type":"page","link":"https:\/\/asa-sulingen.de\/?page_id=2124","title":{"rendered":"Anfahrt"},"content":{"rendered":"<p style=\"text-align: center;\">\n<p style=\"text-align: center;\"><a href=\"https:\/\/asa-sulingen.de\/wp-content\/uploads\/GM-Adresse.png\">Sport Akademie Anfahrt<\/a><\/p>\n<p style=\"text-align: center;\"><a href=\"https:\/\/asa-sulingen.de\/wp-content\/uploads\/GM-Adresse.png\"><img loading=\"lazy\" decoding=\"async\" class=\"aligncenter size-medium wp-image-2979\" src=\"https:\/\/asa-sulingen.de\/wp-content\/uploads\/GM-Adresse-300x272.png\" alt=\"GM Adresse\" width=\"300\" height=\"272\" srcset=\"https:\/\/asa-sulingen.de\/wp-content\/uploads\/GM-Adresse-300x272.png 300w, https:\/\/asa-sulingen.de\/wp-content\/uploads\/GM-Adresse.png 795w\" sizes=\"auto, (max-width: 300px) 100vw, 300px\" \/> <\/a><\/p>\n<p style=\"text-align: center;\">Nur 450 m vom ZOB Sulingen entfernt, erreichen Sie uns auch bequem mit den <a href=\"https:\/\/fahrplan-bus-bahn.de\/niedersachsen\/sulingen\/haltestelle\/zob_bahnhof_sulingen-6000198#\/hst\">\u00f6ffentlichen Verkehrsmitteln<\/a> in der Schmeling-Stra\u00dfe 30 in Sulingen.<\/p>\n<p>\u00d6ffentliche Parkpl\u00e4tze gibt es vor der T\u00fcr bzw. 10 m entfernt. Auch f\u00fcr die Fahrradfahrer gibt es M\u00f6glichkeiten die Fahrr\u00e4der sicher abzustellen.<\/p>\n<p>Wir freuen uns auf Ihren <a href=\"https:\/\/asa-sulingen.de\/?page_id=2097\">Besuch<\/a>!<\/p>\n<p>Das Team der Sport Akademie Sulingen<\/p>\n","protected":false},"excerpt":{"rendered":"<p>Sport Akademie Anfahrt Nur 450 m vom ZOB Sulingen entfernt, erreichen Sie uns auch bequem mit den \u00f6ffentlichen Verkehrsmitteln in der Schmeling-Stra\u00dfe 30 in Sulingen. \u00d6ffentliche Parkpl\u00e4tze gibt es vor der T\u00fcr bzw. 10 m entfernt. Auch f\u00fcr die Fahrradfahrer gibt es M\u00f6glichkeiten die Fahrr\u00e4der sicher abzustellen. Wir freuen uns auf Ihren Besuch! Das Team <a href=\"https:\/\/asa-sulingen.de\/?page_id=2124\" rel=\"nofollow\"><span class=\"sr-only\">Read more about Anfahrt<\/span>[&hellip;]<\/a><\/p>\n","protected":false},"author":3,"featured_media":0,"parent":0,"menu_order":0,"comment_status":"open","ping_status":"closed","template":"","meta":{"_themeisle_gutenberg_block_has_review":false,"footnotes":""},"class_list":["post-2124","page","type-page","status-publish","hentry"],"_links":{"self":[{"href":"https:\/\/asa-sulingen.de\/index.php?rest_route=\/wp\/v2\/pages\/2124","targetHints":{"allow":["GET"]}}],"collection":[{"href":"https:\/\/asa-sulingen.de\/index.php?rest_route=\/wp\/v2\/pages"}],"about":[{"href":"https:\/\/asa-sulingen.de\/index.php?rest_route=\/wp\/v2\/types\/page"}],"author":[{"embeddable":true,"href":"https:\/\/asa-sulingen.de\/index.php?rest_route=\/wp\/v2\/users\/3"}],"replies":[{"embeddable":true,"href":"https:\/\/asa-sulingen.de\/index.php?rest_route=%2Fwp%2Fv2%2Fcomments&post=2124"}],"version-history":[{"count":14,"href":"https:\/\/asa-sulingen.de\/index.php?rest_route=\/wp\/v2\/pages\/2124\/revisions"}],"predecessor-version":[{"id":3338,"href":"https:\/\/asa-sulingen.de\/index.php?rest_route=\/wp\/v2\/pages\/2124\/revisions\/3338"}],"wp:attachment":[{"href":"https:\/\/asa-sulingen.de\/index.php?rest_route=%2Fwp%2Fv2%2Fmedia&parent=2124"}],"curies":[{"name":"wp","href":"https:\/\/api.w.org\/{rel}","templated":true}]}}