{"id":2224,"date":"2013-03-10T21:34:12","date_gmt":"2013-03-10T21:34:12","guid":{"rendered":"https:\/\/asa-sulingen.de\/?page_id=2224"},"modified":"2021-02-28T23:26:49","modified_gmt":"2021-02-28T23:26:49","slug":"thai-boxing","status":"publish","type":"page","link":"https:\/\/asa-sulingen.de\/?page_id=2224","title":{"rendered":"Thai Boxing"},"content":{"rendered":"<p style=\"text-align: center;\"><a href=\"https:\/\/asa-sulingen.de\/wp-content\/uploads\/TB2.jpg\"><br \/><\/a><img loading=\"lazy\" decoding=\"async\" class=\" wp-image-2278 aligncenter\" src=\"https:\/\/asa-sulingen.de\/wp-content\/uploads\/header-300x250.jpg\" alt=\"header\" width=\"516\" height=\"430\" srcset=\"https:\/\/asa-sulingen.de\/wp-content\/uploads\/header-300x250.jpg 300w, https:\/\/asa-sulingen.de\/wp-content\/uploads\/header.jpg 600w\" sizes=\"auto, (max-width: 516px) 100vw, 516px\" \/><\/p>\n<p><a href=\"https:\/\/asa-sulingen.de\/wp-content\/uploads\/TB0.jpg\"><img loading=\"lazy\" decoding=\"async\" class=\"aligncenter size-full wp-image-3842\" src=\"https:\/\/asa-sulingen.de\/wp-content\/uploads\/TB0.jpg\" alt=\"\" width=\"669\" height=\"446\" srcset=\"https:\/\/asa-sulingen.de\/wp-content\/uploads\/TB0.jpg 669w, https:\/\/asa-sulingen.de\/wp-content\/uploads\/TB0-300x200.jpg 300w\" sizes=\"auto, (max-width: 669px) 100vw, 669px\" \/><\/a><\/p>\n<p>Thai-Boxing (Muay Thai) ist Selbstverteidigung, Wettkampfsport und Fitnessport zugleich. Das Thai-Boxing war urspr\u00fcnglich eine\u00a0\u00a0 Kampfkunst, die dem Volk von Siam (fr\u00fchere Landesbezeichnung f\u00fcr Thailand) dazu diente, sich gegen Invasoren aus den nach Vergr\u00f6\u00dferung strebenden umliegenden L\u00e4ndern zu behaupten. Mit Schwertern, Lanzen und Muay-Thai Techniken bestritten die Bewohner Siams ihre K\u00e4mpfe. Gingen die Waffen w\u00e4hrend der Auseinandersetzung verloren, wurde mit Box-, Ellenbogen-, Bein- und Knietechniken weitergek\u00e4mpft.<\/p>\n<p><a href=\"https:\/\/asa-sulingen.de\/wp-content\/uploads\/TB1.jpg\"><img loading=\"lazy\" decoding=\"async\" class=\"size-full wp-image-3833 alignleft\" src=\"https:\/\/asa-sulingen.de\/wp-content\/uploads\/TB1.jpg\" alt=\"\" width=\"279\" height=\"400\" srcset=\"https:\/\/asa-sulingen.de\/wp-content\/uploads\/TB1.jpg 279w, https:\/\/asa-sulingen.de\/wp-content\/uploads\/TB1-209x300.jpg 209w\" sizes=\"auto, (max-width: 279px) 100vw, 279px\" \/><\/a>\u00a0Die Effektivit\u00e4t der Thai-Boxing Techniken hat sich bis\u00a0heute bew\u00e4hrt. Ob als popul\u00e4rer Wettkampfsport im Ring, bei der Nahkampfausbildung f\u00fcr Polizei\/ Bundeswehr oder zur Selbstverteidigung in Notwehrsituationen.<\/p>\n<p>Die Grundtechniken des Thai-Boxings sind relativ einfach erlernbar und werden frei kombiniert. Mit fortschreitendem Erfahrungsgrad wird am Sparringsstil und Schlagkraft gefeilt. Am Sandsack und an Pratzen (Schlagpolster) werden die erlernten Techniken dann mit vollem Einsatz und mit voller H\u00e4rte trainiert. In den Sparrings wird mit Kopf- sowie Schienbeinschutz und Boxhandschuhen gek\u00e4mpft. Ein Zahnschutz wird ausdr\u00fccklich empfohlen (Schulleitung unterst\u00fctzt bei der richtigen Auswahl).<\/p>\n<p><a href=\"https:\/\/asa-sulingen.de\/wp-content\/uploads\/TB2.jpg\"><img loading=\"lazy\" decoding=\"async\" class=\"size-full wp-image-3835 alignright\" src=\"https:\/\/asa-sulingen.de\/wp-content\/uploads\/TB2.jpg\" alt=\"\" width=\"275\" height=\"400\" srcset=\"https:\/\/asa-sulingen.de\/wp-content\/uploads\/TB2.jpg 275w, https:\/\/asa-sulingen.de\/wp-content\/uploads\/TB2-206x300.jpg 206w\" sizes=\"auto, (max-width: 275px) 100vw, 275px\" \/><\/a><\/p>\n<p>\u00a0<\/p>\n<p>\u00a0<\/p>\n<p><span style=\"font-size: inherit;\">Der\/ Die \u00dcbende erh\u00e4lt so die bestm\u00f6gliche Vorbereitung auf eine Selbstverteidigungssituation. Thai-Boxing ist eine sinnvolle Form, die Fitnesskomponenten Ausdauer, Kraft, Koordination, Beweglichkeit und Schnelligkeit zu trainieren.\u00a0<\/span><\/p>\n<p>Kindergruppen 6-14 Jahren werden separat von den Jugend-\/ Erwachsenen-Gruppen (14-17\/ 18-55 Jahre) angeboten.<\/p>\n<p><a href=\"https:\/\/asa-sulingen.de\/wp-content\/uploads\/thai-footer.jpg\"><img loading=\"lazy\" decoding=\"async\" class=\"aligncenter size-full wp-image-2272\" src=\"https:\/\/asa-sulingen.de\/wp-content\/uploads\/thai-footer.jpg\" alt=\"\" width=\"613\" height=\"226\" srcset=\"https:\/\/asa-sulingen.de\/wp-content\/uploads\/thai-footer.jpg 613w, https:\/\/asa-sulingen.de\/wp-content\/uploads\/thai-footer-300x110.jpg 300w\" sizes=\"auto, (max-width: 613px) 100vw, 613px\" \/><\/a><\/p>\n<p>\u00a0<\/p>\n<p style=\"text-align: center;\"><strong>Bei Fragen wenden Sie sich gerne an das Team der<\/strong><a href=\"https:\/\/asa-sulingen.de\/wp-content\/uploads\/LOGO-SOLO.png\"><img loading=\"lazy\" decoding=\"async\" class=\"wp-image-3671  aligncenter\" src=\"https:\/\/asa-sulingen.de\/wp-content\/uploads\/LOGO-SOLO-300x229.png\" alt=\"\" width=\"390\" height=\"297\" \/><\/a><\/p>\n<p style=\"text-align: left;\">\u00a0<\/p>\n\n\n<p><\/p>\n","protected":false},"excerpt":{"rendered":"<p>Thai-Boxing (Muay Thai) ist Selbstverteidigung, Wettkampfsport und Fitnessport zugleich. Das Thai-Boxing war urspr\u00fcnglich eine\u00a0\u00a0 Kampfkunst, die dem Volk von Siam (fr\u00fchere Landesbezeichnung f\u00fcr Thailand) dazu diente, sich gegen Invasoren aus den nach Vergr\u00f6\u00dferung strebenden umliegenden L\u00e4ndern zu behaupten. Mit Schwertern, Lanzen und Muay-Thai Techniken bestritten die Bewohner Siams ihre K\u00e4mpfe. Gingen die Waffen w\u00e4hrend der <a href=\"https:\/\/asa-sulingen.de\/?page_id=2224\" rel=\"nofollow\"><span class=\"sr-only\">Read more about Thai Boxing<\/span>[&hellip;]<\/a><\/p>\n","protected":false},"author":2,"featured_media":0,"parent":0,"menu_order":0,"comment_status":"open","ping_status":"closed","template":"","meta":{"_themeisle_gutenberg_block_has_review":false,"footnotes":""},"class_list":["post-2224","page","type-page","status-publish","hentry"],"_links":{"self":[{"href":"https:\/\/asa-sulingen.de\/index.php?rest_route=\/wp\/v2\/pages\/2224","targetHints":{"allow":["GET"]}}],"collection":[{"href":"https:\/\/asa-sulingen.de\/index.php?rest_route=\/wp\/v2\/pages"}],"about":[{"href":"https:\/\/asa-sulingen.de\/index.php?rest_route=\/wp\/v2\/types\/page"}],"author":[{"embeddable":true,"href":"https:\/\/asa-sulingen.de\/index.php?rest_route=\/wp\/v2\/users\/2"}],"replies":[{"embeddable":true,"href":"https:\/\/asa-sulingen.de\/index.php?rest_route=%2Fwp%2Fv2%2Fcomments&post=2224"}],"version-history":[{"count":22,"href":"https:\/\/asa-sulingen.de\/index.php?rest_route=\/wp\/v2\/pages\/2224\/revisions"}],"predecessor-version":[{"id":3928,"href":"https:\/\/asa-sulingen.de\/index.php?rest_route=\/wp\/v2\/pages\/2224\/revisions\/3928"}],"wp:attachment":[{"href":"https:\/\/asa-sulingen.de\/index.php?rest_route=%2Fwp%2Fv2%2Fmedia&parent=2224"}],"curies":[{"name":"wp","href":"https:\/\/api.w.org\/{rel}","templated":true}]}}