{"id":2231,"date":"2013-03-14T19:30:51","date_gmt":"2013-03-14T19:30:51","guid":{"rendered":"https:\/\/asa-sulingen.de\/?page_id=2231"},"modified":"2020-12-19T13:27:56","modified_gmt":"2020-12-19T13:27:56","slug":"sportarten","status":"publish","type":"page","link":"https:\/\/asa-sulingen.de\/","title":{"rendered":"Sportarten"},"content":{"rendered":"<p>Jede einzelne Sportart wird nach internationalen Richtlinien gelehrt. Unter der Anleitung von Meisterin Viktoria Nachtigall wird eine stetige Weiterbildung gew\u00e4hrleistet. Es entspricht der hierarchischen Tradition dieser Kampfkunst, dass Lehrer und Sch\u00fcler h\u00f6flich miteinander umgehen, dass die Leistung des einen anerkannt und respektiert wird und dass das Bem\u00fchen des anderen gew\u00fcrdigt und gef\u00f6rdert wird, einander unterst\u00fctzt wird.<\/p>\n","protected":false},"excerpt":{"rendered":"<p>Jede einzelne Sportart wird nach internationalen Richtlinien gelehrt. Unter der Anleitung von Meisterin Viktoria Nachtigall wird eine stetige Weiterbildung gew\u00e4hrleistet. Es entspricht der hierarchischen Tradition dieser Kampfkunst, dass Lehrer und Sch\u00fcler h\u00f6flich miteinander umgehen, dass die Leistung des einen anerkannt und respektiert wird und dass das Bem\u00fchen des anderen gew\u00fcrdigt und gef\u00f6rdert wird, einander unterst\u00fctzt <a href=\"https:\/\/asa-sulingen.de\/\" rel=\"nofollow\"><span class=\"sr-only\">Read more about Sportarten<\/span>[&hellip;]<\/a><\/p>\n","protected":false},"author":3,"featured_media":0,"parent":0,"menu_order":0,"comment_status":"open","ping_status":"closed","template":"","meta":{"_themeisle_gutenberg_block_has_review":false,"footnotes":""},"class_list":["post-2231","page","type-page","status-publish","hentry"],"_links":{"self":[{"href":"https:\/\/asa-sulingen.de\/index.php?rest_route=\/wp\/v2\/pages\/2231","targetHints":{"allow":["GET"]}}],"collection":[{"href":"https:\/\/asa-sulingen.de\/index.php?rest_route=\/wp\/v2\/pages"}],"about":[{"href":"https:\/\/asa-sulingen.de\/index.php?rest_route=\/wp\/v2\/types\/page"}],"author":[{"embeddable":true,"href":"https:\/\/asa-sulingen.de\/index.php?rest_route=\/wp\/v2\/users\/3"}],"replies":[{"embeddable":true,"href":"https:\/\/asa-sulingen.de\/index.php?rest_route=%2Fwp%2Fv2%2Fcomments&post=2231"}],"version-history":[{"count":26,"href":"https:\/\/asa-sulingen.de\/index.php?rest_route=\/wp\/v2\/pages\/2231\/revisions"}],"predecessor-version":[{"id":3351,"href":"https:\/\/asa-sulingen.de\/index.php?rest_route=\/wp\/v2\/pages\/2231\/revisions\/3351"}],"wp:attachment":[{"href":"https:\/\/asa-sulingen.de\/index.php?rest_route=%2Fwp%2Fv2%2Fmedia&parent=2231"}],"curies":[{"name":"wp","href":"https:\/\/api.w.org\/{rel}","templated":true}]}}