{"id":2281,"date":"2013-03-14T23:09:30","date_gmt":"2013-03-14T23:09:30","guid":{"rendered":"https:\/\/asa-sulingen.de\/?page_id=2281"},"modified":"2021-02-22T12:07:58","modified_gmt":"2021-02-22T12:07:58","slug":"qi-gong","status":"publish","type":"page","link":"https:\/\/asa-sulingen.de\/?page_id=2281","title":{"rendered":"Qi Gong &#038; Tai Chi Flow"},"content":{"rendered":"<p style=\"text-align: center;\"><span style=\"font-size: inherit;\"><strong>Qi Gong und Tai Chi sind gut f\u00fcr K\u00f6rper und Seele.<\/strong> <\/span><\/p>\n<p style=\"text-align: left;\"><span style=\"font-size: inherit;\">Die flie\u00dfenden Bewegungsabl\u00e4ufe der fern\u00f6stlichen Kampfkunst wurden von westlichen Medizinern lange bel\u00e4chelt. Erfahren Sie nachfolgend, warum schon 15-30 Minuten Pflege und Bewegung Ihrer Lebensenergie (chin. Qi\/ Chi) der Gesundheit dienlich sind und weshalb der Sport f\u00fcr Abnehmwillige ebenso wertvoll ist wie f\u00fcr werdende M\u00fctter, gestresste Manager, Menschen im Ruhestand und aktive Sportler (insbesondere f\u00fcr Kampfsportler).\u00a0<\/span><\/p>\n<div style=\"text-align: left;\">\n<h2 id=\"tai-chi-das-steckt-dahinter\" style=\"text-align: center;\">Arbeit mit der Lebensenergie<\/h2>\n<div>\n<p style=\"text-align: center;\"><strong>Das Eisenhemd Chi-Kung<\/strong><\/p>\n<p><a href=\"https:\/\/asa-sulingen.de\/wp-content\/uploads\/QG1.jpg\"><img loading=\"lazy\" decoding=\"async\" class=\" wp-image-3880 alignleft\" src=\"https:\/\/asa-sulingen.de\/wp-content\/uploads\/QG1.jpg\" alt=\"\" width=\"338\" height=\"266\" \/><\/a>beinhaltet \u00dcbungen f\u00fcr eine kr\u00e4ftige fokussierte Mitte und dient der Pflege der k\u00f6rpereigenen Energiebahnen. Die inneren Organe werden gest\u00e4rkt und gesch\u00fctzt, die Struktur des K\u00f6rpers besser ausgerichtet, so dass das Chi besser flie\u00dfen kann.<\/p>\n<p>Diese Form der Meditation kann von Menschen jeden Alters \u00a0(selbst mit k\u00f6rperlichen Einschr\u00e4nkungen) im Stehen, Sitzen oder Liegen praktiziert werden.\u00a0<\/p>\n<p><span style=\"color: #808080;\"><i>F\u00fcr Kampfsportler und F\u00fchrungskr\u00e4fte interessant: K\u00f6rper und Geist werden so gest\u00e4rkt, dass Durchsetzungskraft, Kampfverm\u00f6gen und Bruchtesth\u00e4rte exponentiell wachsen. Die Begleitung durch einen geschulten Lehrer ist hier wichtig: \u00fcberm\u00e4\u00dfige St\u00e4rke geht einher mit Verantwortung und sollte vor Missbrauch oder Verletzung anderen gegen\u00fcber gesch\u00fctzt werden (Prinzip des Dao).\u00a0<\/i><\/span><\/p>\n<p style=\"text-align: center;\"><strong>Tai Chi Flow<\/strong><\/p>\n<p><a href=\"https:\/\/asa-sulingen.de\/wp-content\/uploads\/QG2-e1613993973555.jpg\"><img loading=\"lazy\" decoding=\"async\" class=\"aligncenter size-full wp-image-3882\" src=\"https:\/\/asa-sulingen.de\/wp-content\/uploads\/QG2-e1613993973555.jpg\" alt=\"\" width=\"800\" height=\"400\" srcset=\"https:\/\/asa-sulingen.de\/wp-content\/uploads\/QG2-e1613993973555.jpg 800w, https:\/\/asa-sulingen.de\/wp-content\/uploads\/QG2-e1613993973555-300x150.jpg 300w, https:\/\/asa-sulingen.de\/wp-content\/uploads\/QG2-e1613993973555-768x384.jpg 768w, https:\/\/asa-sulingen.de\/wp-content\/uploads\/QG2-e1613993973555-600x300.jpg 600w, https:\/\/asa-sulingen.de\/wp-content\/uploads\/QG2-e1613993973555-400x200.jpg 400w\" sizes=\"auto, (max-width: 800px) 100vw, 800px\" \/><\/a><\/p>\n<p>Bewegte, flie\u00dfende Energie. Die im Eisenhemd Qi Gong generierte Energie wird sanft zum Flie\u00dfen gebracht. Dies passiert in sich verwobenen Bewegungsabl\u00e4ufen erst linienf\u00f6rmig, kreisf\u00f6rmig und letztendlich im Ba Qua &#8211; Stil im Achteck. Es \u00f6ffnet sehr stark den Qi-\/ Chi-Fluss und die Verbindung zu den Naturelementen Wasser, Holz, Feuer, Erde und Metall (5-Elemente-Lehre). Es macht Spa\u00df Atmung, Energie und Bewegung miteinander zu verbinden und zu harmonisieren &#8211; ein Prozess, der ein Leben lang vertieft und perfektioniert werden kann (siehe \u00f6ffentliche und G\u00e4rten\/ Parkanlagen Chinas, auch in Deutschland erfreut sich der Gesundheitssport immer gr\u00f6\u00dferer Beliebtheit.)<\/p>\n<p><em><span style=\"color: #808080;\">Die Perfekte Alternative zum Kampfsport, falls Sie \u00a0etwas Positives f\u00fcr Ihren K\u00f6rper und Geist tun wollen und sich f\u00fcr Bewegungsformen begeistern, k\u00e4mpferische Aspekte jedoch meiden wollen.\u00a0<\/span><\/em><\/p>\n<\/div>\n<p style=\"text-align: center;\"><strong>Meditation<\/strong><\/p>\n<p style=\"text-align: center;\"><a href=\"https:\/\/asa-sulingen.de\/wp-content\/uploads\/M1.jpg\"><img loading=\"lazy\" decoding=\"async\" class=\"aligncenter  wp-image-3884\" src=\"https:\/\/asa-sulingen.de\/wp-content\/uploads\/M1.jpg\" alt=\"\" width=\"425\" height=\"235\" srcset=\"https:\/\/asa-sulingen.de\/wp-content\/uploads\/M1.jpg 302w, https:\/\/asa-sulingen.de\/wp-content\/uploads\/M1-300x166.jpg 300w\" sizes=\"auto, (max-width: 425px) 100vw, 425px\" \/><\/a><a href=\"https:\/\/asa-sulingen.de\/wp-content\/uploads\/M5.gif\"><br \/><\/a>Meditationen dienen der inneren Einkehr und besseren Wahrnehmung. Sie helfen uns, angestaute Emotionen, Stress und Schmerzen (z.B. Kopf-\/ Bauch- oder Muskelschmerzen) zu verarbeiten. Unsere lebenswichtigen Organe werden dabei zus\u00e4tzlich entgiftet und regeneriert (Aktivierung der lymphatischen Systeme sowie Energiebahnen). Wir lernen, Kontakt mit unserem Unterbewusstsein aufzunehmen und Frieden oder gar Freundschaft zu schlie\u00dfen, Erfahrungen zu transformieren, sodass wir gest\u00e4rkt in zuk\u00fcnftige Begegnungen und Ereignisse blicken, sie annehmen k\u00f6nnen.<\/p>\n<p><em><span style=\"color: #808080;\"><a href=\"https:\/\/asa-sulingen.de\/wp-content\/uploads\/M4.jpg\"><img loading=\"lazy\" decoding=\"async\" class=\"aligncenter size-full wp-image-3889\" src=\"https:\/\/asa-sulingen.de\/wp-content\/uploads\/M4.jpg\" alt=\"\" width=\"425\" height=\"282\" srcset=\"https:\/\/asa-sulingen.de\/wp-content\/uploads\/M4.jpg 425w, https:\/\/asa-sulingen.de\/wp-content\/uploads\/M4-300x199.jpg 300w\" sizes=\"auto, (max-width: 425px) 100vw, 425px\" \/><\/a><\/span><\/em><\/p>\n<p><em><span style=\"color: #808080;\">Gl\u00fcck, Ruhe und Geborgenheit in sich zu finden ist auch ein wichtiger Schritt f\u00fcr gesunde zwischenmenschliche Beziehungen.<\/span><\/em><\/p>\n<p style=\"text-align: center;\"><strong>Allgemein<\/strong><\/p>\n<p>Da die K\u00f6rperwahrnehmung im Qi Gong\/ Tai Chi ein wichtiger Aspekt ist, lassen sich durch regelm\u00e4\u00dfiges gemeinsames \u00dcben Haltungsfehler korrigieren, Muskelverkrampfungen l\u00f6sen und die Beweglichkeit erh\u00f6hen. Zudem wird vor allem der Rumpfbereich gekr\u00e4ftigt und durch die st\u00e4rkere Haltemuskulatur die Wirbels\u00e4ule entlastet. Auch die Psyche profitiert von den harmonischen Bewegungen und der tiefen Bauchatmung: Stress wird abgebaut, die Entspannung gef\u00f6rdert.<\/p>\n<p>Am besten \u00fcbt man mit einem erfahrenen Lehrer, der korrigierend eingreift, wenn eine \u00dcbung falsch oder unsauber ausgef\u00fchrt wird.<\/p>\n<p><span style=\"color: #808080;\"><em>Wir bieten die M\u00f6glichkeit an, die im Basis-Unterricht gesammelten Erfahrungen ggf. im Seminar zu vertiefen. Achtung: Kinder\/ Jugendliche bis 15 Jahre sollten zumindest ein Seminar zur ausf\u00fchrlichen Erkl\u00e4rung der Basis mitmachen, um den \u00dcbungen und Meditationen im Unterricht folgen zu k\u00f6nnen.\u00a0<\/em><\/span><\/p>\n<\/div>\n<p><strong style=\"font-size: inherit; color: #800080;\">Gesonderte Gruppenangebote<\/strong><span style=\"font-size: inherit; color: #800080;\">, z.B. f\u00fcr Senioren im betreuten Wohnprogramm oder Kids QiGong im Rahmen eines Schulprojekts als p\u00e4dagogische Mitarbeit k\u00f6nnen gerne angefragt werden.<\/span><\/p>\n<div>\u00a0<\/div>\n<div>\u00a0<\/div>\n<div id=\"middlewrapnarrow\"><span style=\"color: #333333;\"><strong>Bei Interesse wenden Sie sich gerne an die Schulleitung.\u00a0<\/strong><\/span><\/div>\n<div>\u00a0<\/div>\n<div><span style=\"color: #333333;\"><strong>W<\/strong><\/span><span style=\"color: #333333;\"><strong>ir freuen uns auf Sie!<\/strong><\/span><\/div>\n<div><a href=\"https:\/\/asa-sulingen.de\/wp-content\/uploads\/LOGO-SOLO.png\"><img loading=\"lazy\" decoding=\"async\" class=\"aligncenter size-full wp-image-3671\" src=\"https:\/\/asa-sulingen.de\/wp-content\/uploads\/LOGO-SOLO.png\" alt=\"\" width=\"1388\" height=\"1058\" \/><\/a><\/div>\n<div>\u00a0<\/div>\n<div>\u00a0<\/div>\n\n\n<p><\/p>\n","protected":false},"excerpt":{"rendered":"<p>Qi Gong und Tai Chi sind gut f\u00fcr K\u00f6rper und Seele. Die flie\u00dfenden Bewegungsabl\u00e4ufe der fern\u00f6stlichen Kampfkunst wurden von westlichen Medizinern lange bel\u00e4chelt. Erfahren Sie nachfolgend, warum schon 15-30 Minuten Pflege und Bewegung Ihrer Lebensenergie (chin. Qi\/ Chi) der Gesundheit dienlich sind und weshalb der Sport f\u00fcr Abnehmwillige ebenso wertvoll ist wie f\u00fcr werdende M\u00fctter, <a href=\"https:\/\/asa-sulingen.de\/?page_id=2281\" rel=\"nofollow\"><span class=\"sr-only\">Read more about Qi Gong &#038; Tai Chi Flow<\/span>[&hellip;]<\/a><\/p>\n","protected":false},"author":2,"featured_media":0,"parent":0,"menu_order":0,"comment_status":"open","ping_status":"closed","template":"","meta":{"_themeisle_gutenberg_block_has_review":false,"footnotes":""},"class_list":["post-2281","page","type-page","status-publish","hentry"],"_links":{"self":[{"href":"https:\/\/asa-sulingen.de\/index.php?rest_route=\/wp\/v2\/pages\/2281","targetHints":{"allow":["GET"]}}],"collection":[{"href":"https:\/\/asa-sulingen.de\/index.php?rest_route=\/wp\/v2\/pages"}],"about":[{"href":"https:\/\/asa-sulingen.de\/index.php?rest_route=\/wp\/v2\/types\/page"}],"author":[{"embeddable":true,"href":"https:\/\/asa-sulingen.de\/index.php?rest_route=\/wp\/v2\/users\/2"}],"replies":[{"embeddable":true,"href":"https:\/\/asa-sulingen.de\/index.php?rest_route=%2Fwp%2Fv2%2Fcomments&post=2281"}],"version-history":[{"count":25,"href":"https:\/\/asa-sulingen.de\/index.php?rest_route=\/wp\/v2\/pages\/2281\/revisions"}],"predecessor-version":[{"id":3891,"href":"https:\/\/asa-sulingen.de\/index.php?rest_route=\/wp\/v2\/pages\/2281\/revisions\/3891"}],"wp:attachment":[{"href":"https:\/\/asa-sulingen.de\/index.php?rest_route=%2Fwp%2Fv2%2Fmedia&parent=2281"}],"curies":[{"name":"wp","href":"https:\/\/api.w.org\/{rel}","templated":true}]}}