{"id":3691,"date":"2021-01-07T23:25:10","date_gmt":"2021-01-07T23:25:10","guid":{"rendered":"https:\/\/asa-sulingen.de\/?page_id=3691"},"modified":"2023-09-14T14:55:22","modified_gmt":"2023-09-14T14:55:22","slug":"transponder","status":"publish","type":"page","link":"https:\/\/asa-sulingen.de\/?page_id=3691","title":{"rendered":"TRANSPONDER"},"content":{"rendered":"\n<p><span style=\"background-color:rgba(0, 0, 0, 0)\" class=\"has-inline-color has-vivid-cyan-blue-color\">Das neue System f\u00fcr Schicht-ArbeiterInnen oder alle, die gerne flexible \u00d6ffnungszeiten als Erg\u00e4nzung zum Unterricht nutzen m\u00f6chten!<\/span><\/p>\n\n\n\n<p><\/p>\n\n\n\n<p><span style=\"background-color:rgba(0, 0, 0, 0)\" class=\"has-inline-color has-vivid-purple-color\"><strong>Wer kann daran teilnehmen<\/strong>?<\/span> <strong>Jugendliche ab 16 Jahren mit Unterschrift der Eltern sowie alle Erwachsenen<\/strong>. Es wird ein separat f\u00fcr euch eingerichteter Transponder (RFID-Chip) f\u00fcr ein T\u00fcrschlie\u00dfsystem gegen Pfand und monatlicher Nutzungsgeb\u00fchr herausgegeben. <strong>Vereinbart gerne einen pers\u00f6nlichen Termin<\/strong>.<span style=\"background-color:rgba(0, 0, 0, 0)\" class=\"has-inline-color has-cyan-bluish-gray-color\"><\/span><\/p>\n\n\n\n<p><strong><span style=\"background-color:rgba(0, 0, 0, 0)\" class=\"has-inline-color has-vivid-purple-color\">Wo<\/span><\/strong><span style=\"background-color:rgba(0, 0, 0, 0)\" class=\"has-inline-color has-black-color\"><strong> <\/strong><\/span><strong><span style=\"background-color:rgba(0, 0, 0, 0)\" class=\"has-inline-color has-vivid-purple-color\">und wie wird trainiert<\/span><\/strong><span style=\"background-color:rgba(0, 0, 0, 0)\" class=\"has-inline-color has-black-color\">? <strong>Der Ein- und Austritt erfolgt ausschlie\u00dflich \u00fcber den Hintereingang. <\/strong><\/span><strong>Oberfl\u00e4chendesinfektion <\/strong>des Equipments muss selbst\u00e4ndig nach Gebrauch durch den <strong>TRANSPONDER <\/strong>erfolgen. Je nach Hallenbelegung stehen euch im T2 Boxsack, Gustav (Paddel-Stand f\u00fcr Drehkicks), Klimmzugstange, gro\u00dfe und kleine Pratzen sowie Matten und Spiegel gro\u00dffl\u00e4chig zur Verf\u00fcgung oder im T1 die gro\u00dfe Halle samt gro\u00dfem Equipment. <\/p>\n\n\n\n<p><strong><span style=\"background-color:rgba(0, 0, 0, 0)\" class=\"has-inline-color has-vivid-purple-color\">Wie lange kann ich trainieren und innerhalb welchen Zeiten? <\/span><\/strong><\/p>\n\n\n\n<p><\/p>\n\n\n\n<p><strong>Montag<\/strong>: 07:00 &#8211; 14:00 Uhr\/ 19:00-22:00 Uhr<\/p>\n\n\n\n<p><strong>Dienstag<\/strong>: 07:00 &#8211; 16:00 Uhr\/ 21:00 &#8211; 22:00 Uhr<\/p>\n\n\n\n<p><strong>Mittwoch<\/strong>: 07:00 &#8211; 16:00 Uhr\/ 20:00-22:00 Uhr<\/p>\n\n\n\n<p><strong>Freitag<\/strong>: 07:00 &#8211; 14:00 Uhr\/ 20:00-22:00 Uhr<\/p>\n\n\n\n<p><strong>Samstag<\/strong>: 08:00 &#8211; 21:00 Uhr<\/p>\n\n\n\n<p><strong>Sonntag<\/strong>: 09:00 &#8211; 20:00 Uhr<\/p>\n\n\n\n<p><\/p>\n\n\n\n<p><\/p>\n\n\n\n<p><em><strong>Achtung<\/strong>: innerhalb des TRANSPONDER  \u2013 Programmes erfolgt keine Unterweisung\/ Korrektur durch Meister oder Trainer! <\/em>Dies ist eine M\u00f6glichkeit im privaten Rahmen seiner Gesundheit etwas Gutes zu tun sowie die \u00dcbungen aus dem Unterricht selbst\u00e4ndig zu festigen. Das hei\u00dft Training auf eigene Gefahr, Haftung f\u00fcr Sachsch\u00e4den liegt beim Transponder-F\u00fchrer\/-Inhaber.<\/p>\n\n\n\n<p><\/p>\n\n\n\n<p><strong>Wir w\u00fcnschen euch viel Spa\u00df beim eigenen Training!<\/strong><\/p>\n\n\n\n<p>Sportliche Gr\u00fc\u00dfe<\/p>\n\n\n\n<p><strong>Meisterin V. Nachtigall &amp; Team<\/strong><\/p>\n\n\n\n<p><\/p>\n\n\n\n<div id=\"wp-block-themeisle-blocks-advanced-columns-c7b153e7\" class=\"wp-block-themeisle-blocks-advanced-columns has-1-columns has-desktop-equal-layout has-tablet-equal-layout has-mobile-equal-layout has-vertical-unset has-default-gap\"><div class=\"wp-block-themeisle-blocks-advanced-columns-overlay\"><\/div><div class=\"innerblocks-wrap\">\n<div id=\"wp-block-themeisle-blocks-advanced-column-afca0d0f\" class=\"wp-block-themeisle-blocks-advanced-column\">\n<figure class=\"wp-block-gallery has-nested-images columns-default is-cropped wp-block-gallery-1 is-layout-flex wp-block-gallery-is-layout-flex\">\n<figure class=\"wp-block-image size-large\"><a href=\"https:\/\/asa-sulingen.de\/wp-content\/uploads\/VISITENKARTE.png\"><img loading=\"lazy\" decoding=\"async\" width=\"1024\" height=\"781\" data-id=\"3984\" src=\"https:\/\/asa-sulingen.de\/wp-content\/uploads\/VISITENKARTE-1024x781.png\" alt=\"\" class=\"wp-image-3984\" srcset=\"https:\/\/asa-sulingen.de\/wp-content\/uploads\/VISITENKARTE-1024x781.png 1024w, https:\/\/asa-sulingen.de\/wp-content\/uploads\/VISITENKARTE-300x229.png 300w, https:\/\/asa-sulingen.de\/wp-content\/uploads\/VISITENKARTE-768x585.png 768w, https:\/\/asa-sulingen.de\/wp-content\/uploads\/VISITENKARTE.png 1388w\" sizes=\"auto, (max-width: 1024px) 100vw, 1024px\" \/><\/a><\/figure>\n<\/figure>\n<\/div>\n<\/div><\/div>\n","protected":false},"excerpt":{"rendered":"<p>Das neue System f\u00fcr Schicht-ArbeiterInnen oder alle, die gerne flexible \u00d6ffnungszeiten als Erg\u00e4nzung zum Unterricht nutzen m\u00f6chten! Wer kann daran teilnehmen? Jugendliche ab 16 Jahren mit Unterschrift der Eltern sowie alle Erwachsenen. Es wird ein separat f\u00fcr euch eingerichteter Transponder (RFID-Chip) f\u00fcr ein T\u00fcrschlie\u00dfsystem gegen Pfand und monatlicher Nutzungsgeb\u00fchr herausgegeben. Vereinbart gerne einen pers\u00f6nlichen Termin. <a href=\"https:\/\/asa-sulingen.de\/?page_id=3691\" rel=\"nofollow\"><span class=\"sr-only\">Read more about TRANSPONDER<\/span>[&hellip;]<\/a><\/p>\n","protected":false},"author":2,"featured_media":0,"parent":0,"menu_order":0,"comment_status":"closed","ping_status":"closed","template":"","meta":{"_themeisle_gutenberg_block_has_review":false,"footnotes":""},"class_list":["post-3691","page","type-page","status-publish","hentry"],"_links":{"self":[{"href":"https:\/\/asa-sulingen.de\/index.php?rest_route=\/wp\/v2\/pages\/3691","targetHints":{"allow":["GET"]}}],"collection":[{"href":"https:\/\/asa-sulingen.de\/index.php?rest_route=\/wp\/v2\/pages"}],"about":[{"href":"https:\/\/asa-sulingen.de\/index.php?rest_route=\/wp\/v2\/types\/page"}],"author":[{"embeddable":true,"href":"https:\/\/asa-sulingen.de\/index.php?rest_route=\/wp\/v2\/users\/2"}],"replies":[{"embeddable":true,"href":"https:\/\/asa-sulingen.de\/index.php?rest_route=%2Fwp%2Fv2%2Fcomments&post=3691"}],"version-history":[{"count":14,"href":"https:\/\/asa-sulingen.de\/index.php?rest_route=\/wp\/v2\/pages\/3691\/revisions"}],"predecessor-version":[{"id":4123,"href":"https:\/\/asa-sulingen.de\/index.php?rest_route=\/wp\/v2\/pages\/3691\/revisions\/4123"}],"wp:attachment":[{"href":"https:\/\/asa-sulingen.de\/index.php?rest_route=%2Fwp%2Fv2%2Fmedia&parent=3691"}],"curies":[{"name":"wp","href":"https:\/\/api.w.org\/{rel}","templated":true}]}}