{"id":3893,"date":"2021-02-22T12:56:59","date_gmt":"2021-02-22T12:56:59","guid":{"rendered":"https:\/\/asa-sulingen.de\/?page_id=3893"},"modified":"2021-03-16T12:32:08","modified_gmt":"2021-03-16T12:32:08","slug":"biographie","status":"publish","type":"page","link":"https:\/\/asa-sulingen.de\/?page_id=3893","title":{"rendered":"Biographie"},"content":{"rendered":"\n<p>Die ASIAN SELFDEFENSE ACADEMY in Sulingen wird gef\u00fchrt von Meisterin V. Nachtigall, im Jahr 1982 in Kasachstan geboren, aufgewachsen in Deutschland seit 1986.<\/p>\n\n\n\n<div class=\"wp-block-image\"><figure class=\"aligncenter is-resized\"><a href=\"https:\/\/asa-sulingen.de\/wp-content\/uploads\/me.jpg\"><img loading=\"lazy\" decoding=\"async\" src=\"https:\/\/asa-sulingen.de\/wp-content\/uploads\/me-300x214.jpg\" alt=\"\" class=\"wp-image-2543\" width=\"406\" height=\"289\" srcset=\"https:\/\/asa-sulingen.de\/wp-content\/uploads\/me-300x214.jpg 300w, https:\/\/asa-sulingen.de\/wp-content\/uploads\/me-1024x731.jpg 1024w, https:\/\/asa-sulingen.de\/wp-content\/uploads\/me.jpg 2048w\" sizes=\"auto, (max-width: 406px) 100vw, 406px\" \/><\/a><\/figure><\/div>\n\n\n\n<p>Als Kind einer Sp\u00e4taussiedler-Familie waren gute Schulnoten und Benehmen stets an der Tagesordnung. Die sportliche Affinit\u00e4t war schon in die Wiege gelegt. Doch der Wunsch nach Kampfsport wurde (und das in Zeiten von Karate Kid und American Kickboxer!) lange verwehrt. Aussagen wie &#8220;als M\u00e4dchen pr\u00fcgle man sich nicht&#8221; oder &#8220;warum soll man f\u00fcr Sport zahlen, geh doch an die frische Luft&#8221; kennen sicherlich noch einige meiner Generation. Es bedarf gl\u00fccklicherweise immer weniger Aufkl\u00e4rung \u00fcber die vielen Vorteile des Kampfsports &#8211; gerade f\u00fcr M\u00e4dchen\/ Damen! Disziplin, Selbstbeherrschung, Durchsetzungsverm\u00f6gen und die Kombination von gesundem K\u00f6rper und Geist sprechen f\u00fcr sich. Nat\u00fcrlich auch nach wie vor bei den M\u00e4nnern ein beliebter Sport.<\/p>\n\n\n\n<p>Lieber im Ring\/ auf den Matten Grenzen testen als drau\u00dfen auf der Stra\u00dfe! Und falls es doch zu Notwehr-Situationen kommt, ist man dem nicht hilflos ausgeliefert. Auch im Alltag lernt man gelassener zu reagieren, Grenzen zu setzen und mit einem guten Gef\u00fchl aus Konfliktsituationen herauszugehen, die sch\u00f6nen Momente bewusster und mehr zu genie\u00dfen.<\/p>\n\n\n\n<div class=\"wp-block-image\"><figure class=\"aligncenter is-resized\"><a href=\"https:\/\/asa-sulingen.de\/wp-content\/uploads\/DANtr\u00e4ger.png\"><img loading=\"lazy\" decoding=\"async\" src=\"https:\/\/asa-sulingen.de\/wp-content\/uploads\/DANtr\u00e4ger-300x231.png\" alt=\"\" class=\"wp-image-2930\" width=\"363\" height=\"280\" srcset=\"https:\/\/asa-sulingen.de\/wp-content\/uploads\/DANtr\u00e4ger-300x231.png 300w, https:\/\/asa-sulingen.de\/wp-content\/uploads\/DANtr\u00e4ger.png 941w\" sizes=\"auto, (max-width: 363px) 100vw, 363px\" \/><\/a><\/figure><\/div>\n\n\n\n<p>So wartete ich denn geduldig und verfolgte neben dem Abitur einen Nebenjob, der mir meinen zuk\u00fcnftigen Lebensweg ebnen sollte. Gesagt, getan. Nach Sicht einer Probestunde bei Meisterin M. Idimetschew in Espelkamp war klar: das ist es! Ich werde nie den Blick meiner Lehrerin in Spe vergessen als ich ohne Probetraining sofort f\u00fcr mehrere Jahre unterschreiben wollte. Was soll ich sagen, viele Jahre sp\u00e4ter <strong>immer noch begeisterte Kampfsportlerin<\/strong>, mittlerweile Lehrerin, Veranstalterin, Selbst\u00e4ndige, p\u00e4dagogische Mitarbeiterin und Begleiterin in vielen Lebensfragen!<\/p>\n\n\n\n<p>Im Jahr 2000 begann die Ausbildung im Kampfsport bei meiner Lehrerin in Espelkamp. Viele sch\u00f6ne Jahre voller hartem Training, toller Gemeinschaft, Veranstaltungen und Meisterschaftserfolgen pr\u00e4gten diese wunderbare Zeit. M. Idimetschew erkannte schnell die ambitionierte und harte Arbeit im Sport, eine F\u00f6rderung zum Trainer (2004-2009) f\u00fchrte dann im Jahr 2009 im Nebenstudium zur erfolgreich abgeschlossenen Meisterausbildung (4. Dan) im Ling Lom-Thai-Boxing und im Qi-Gong sowie Dan-Graduierungen im Kung Fu und Tae Kwon Do im Asia-Kampfkunst-Verband unter der Leitung von Gro\u00dfmeister E.Pettker. Mit dem Kampfsport wurde das Selbstvertrauen und vor allem der Verantwortungssinn gest\u00e4rkt. Da die eigene Kindheit von \u00dcberlebenskampf und anderen Erfahrungen gepr\u00e4gt war, wurde Kinder-\/ Jugendarbeit mit Schwerpunkt Integration und Gewaltpr\u00e4vention sp\u00e4ter auch zur Hauptmotivation als Trainer.<\/p>\n\n\n\n<p>Drei weitere Jahre als freier Meister im Verband t\u00e4tig, wurden viele offizielle Veranstaltungen mitgestaltet (Meisterschaften, Seminare, Budogala) Es folgten der Startschuss f\u00fcr die eigene Sportschule in Sulingen im Jahr 2012 sowie weitere Qualifikationen im Tae-Kwon-Do (4. Dan) sowie Kung Fu (3. Dan).\u00a0<\/p>\n\n\n\n<p>Als p\u00e4dagogische Fachkraft wurden&nbsp;<strong>Projekte<\/strong>&nbsp;im Rahmen der Integrationsarbeit mit der <strong>Grundschule Siedenburg,<\/strong> dem <strong>DRK-Kindergarten Barenburg<\/strong> sowie etliche ehrenamtliche Projekte im <strong>Ferienprogramm<\/strong> Sulingens bzw. umliegender Samtgemeinden realisiert. Als Gast bei <strong>Stadtfeste<\/strong>n oder <strong>Kindergarten <\/strong>sorgen&nbsp;wir&nbsp;regelm\u00e4\u00dfig mit unseren <strong>Mitmachen-Aktionen<\/strong> immer wieder f\u00fcr Spa\u00df und leuchtende Augen bei Klein und Gro\u00df.&nbsp;Wer sich f\u00fcr eine <strong>Ausbildung bei Polizei oder Bundeswehr<\/strong> interessiert ist bei uns ebenfalls goldrichtig: Qualifikationen und Erfahrungen als Kampfsportler sind dort gerne gesehen! &nbsp;<\/p>\n\n\n\n<p>Der Hauptaspekt liegt jedoch in der Pflege und Weitergabe des Kampfsports bzw. der Kampfk\u00fcnste. <strong>Ich m\u00f6chte allen Kampfsportinteressierten die M\u00f6glichkeit bieten, diese fachkundig zu erlernen und als sinnvolles Hobby in der Gemeinschaft mit Freude zu praktizieren. <\/strong><\/p>\n\n\n\n<p><strong>Sich zu wehren, erfordert Mut. Sich als kleinerer, schw\u00e4cherer, j\u00fcngerer zu wehren erfordert Innere St\u00e4rke. <\/strong>Nicht jeder kann diese St\u00e4rke zum erforderlichen Zeitpunkt abrufen, mit einem guten Lehrer an der Seite ist dieses m\u00f6glich! Dies ist unser Hauptantrieb! Spa\u00df, starke Muskeln, Gemeinschaft sind die positiven Nebenwirkungen dabei \ud83d\ude42 Erfahrungen zu sammeln, bedeutet auch manche Hindernisse zu \u00fcberwinden. Gemeinsam schaffen wir das!<\/p>\n\n\n\n<p><strong>Also fangt gerne an: Jung oder alt, mutig oder noch auf dem Weg dahin, mit und ohne Muckis, unerfahren oder Lust richtig k\u00e4mpfen zu lernen\/ sich zu verbessern. Kommt vorbei! <\/strong>Hier z\u00e4hlt nur der Wille zum Lernen, gemeinsam zu trainieren und der Respekt\/ Loyalit\u00e4t zwischen einander. Kampfsport ist Familie mit Freunden &#8211; und davon gibt es hier reichlich!<\/p>\n\n\n\n<p><strong>Ein besonderer Dank<\/strong> gilt &#8211; neben dem Dankesch\u00f6n&nbsp;an meine eigenen Freunde, Familie und Lebenspartner- meinem ehemaligen Arbeitgeber sowie den Lehrern und erfahrenen Kollegen des Asia-Kampfkunst-Verbandes, der die ma\u00dfgeblichen Wurzeln gebildet hat und in 21 Jahren Zusammenarbeit gro\u00dfe Spuren hinterlassen hat. Auch die urspr\u00fcnglichen sportlichen Einfl\u00fcsse von Dr. Keun-Tae Lee (Gro\u00dfmeister, 10. Dan), die Qi-Gong-Lehren nach Mantak Chia und weitere Wegbegleiter behalten immer einen gro\u00dfen Stellenwert und Respekt. <\/p>\n\n\n\n<p><strong>Die gr\u00f6\u00dfte Verbundenheit liegt im Dao und der Kampfkunst selbst: das richtige erlernen, daran arbeiten, etwas Sinnvolles und Nachhaltiges aus dem Erlernten hervorbringen.&nbsp;<\/strong>Die Tradition der Kampfkunst \u00fcbersteigt den Lebenszyklus jedes Meisters, sie ist immer gr\u00f6\u00dfer als der einzelne: egal, wieviel man erreicht hat. Dessen sollte man sich als Trainer\/ Lehrer immer bewusst sein! Das bedeutet immer weiterlernen, weiter \u00fcben! Fortbildung, F\u00f6rderung sowie das Reisen zu den Urspr\u00fcngen der Kampfk\u00fcnste geh\u00f6ren zur sportlichen &amp; kulturellen Bildung dazu.<\/p>\n\n\n\n<p>Somit befinden wir uns aktuell in einem neuen spannenden Kapitel auf dem Weg der Kampfkunst: die <strong>Transformation<\/strong>.&nbsp;Manchmal gibt es unterschiedliche Erfahrungen und Entwicklungen. Es ist wichtig ein friedliches Miteinander zu schaffen und verschiedene Ansichten zu respektieren. Wir freuen uns auf mehr Ursprung, auf mehr Moderne, auf offene Kooperationen und Veranstaltungen!<\/p>\n\n\n\n<p>An dieser Stelle w\u00fcnschen wir allen Weggef\u00e4hrten  &#8211; den alten wie auch neuen &#8211; &nbsp;eine gesunde, erfolgreiche, spannende und friedvolle Zeit!&nbsp;<\/p>\n\n\n\n<p class=\"has-text-align-center\"><strong>Euer Team der <\/strong><\/p>\n\n\n\n<div class=\"wp-block-image\"><figure class=\"alignright is-resized\"><img loading=\"lazy\" decoding=\"async\" src=\"https:\/\/asa-sulingen.de\/wp-content\/uploads\/LOGO-SOLO-e1614000349608.png\" alt=\"\" class=\"wp-image-3671\" width=\"219\" height=\"170\" srcset=\"https:\/\/asa-sulingen.de\/wp-content\/uploads\/LOGO-SOLO-e1614000349608.png 794w, https:\/\/asa-sulingen.de\/wp-content\/uploads\/LOGO-SOLO-e1614000349608-768x601.png 768w\" sizes=\"auto, (max-width: 219px) 100vw, 219px\" \/><\/figure><\/div>\n\n\n\n<p class=\"has-text-align-center\">         <\/p>\n\n\n\n<div class=\"wp-block-image\"><figure class=\"alignleft is-resized\"><img loading=\"lazy\" decoding=\"async\" src=\"https:\/\/asa-sulingen.de\/wp-content\/uploads\/ASA-LOGO-EN-4.png\" alt=\"\" class=\"wp-image-3511\" width=\"330\" height=\"220\" srcset=\"https:\/\/asa-sulingen.de\/wp-content\/uploads\/ASA-LOGO-EN-4.png 3721w, https:\/\/asa-sulingen.de\/wp-content\/uploads\/ASA-LOGO-EN-4-300x200.png 300w, https:\/\/asa-sulingen.de\/wp-content\/uploads\/ASA-LOGO-EN-4-1024x682.png 1024w, https:\/\/asa-sulingen.de\/wp-content\/uploads\/ASA-LOGO-EN-4-768x512.png 768w, https:\/\/asa-sulingen.de\/wp-content\/uploads\/ASA-LOGO-EN-4-1536x1024.png 1536w, https:\/\/asa-sulingen.de\/wp-content\/uploads\/ASA-LOGO-EN-4-2048x1365.png 2048w, https:\/\/asa-sulingen.de\/wp-content\/uploads\/ASA-LOGO-EN-4-750x500.png 750w\" sizes=\"auto, (max-width: 330px) 100vw, 330px\" \/><\/figure><\/div>\n\n\n\n<div class=\"wp-block-themeisle-blocks-advanced-columns has-1-columns has-desktop-equal-layout has-tablet-equal-layout has-mobile-equal-layout has-default-gap has-vertical-unset\" id=\"wp-block-themeisle-blocks-advanced-columns-40985093\"><div class=\"wp-block-themeisle-blocks-advanced-columns-overlay\"><\/div><div class=\"innerblocks-wrap\">\n<div class=\"wp-block-themeisle-blocks-advanced-column\" id=\"wp-block-themeisle-blocks-advanced-column-a59277fa\"><\/div>\n<\/div><\/div>\n\n\n\n<p><\/p>\n","protected":false},"excerpt":{"rendered":"<p>Die ASIAN SELFDEFENSE ACADEMY in Sulingen wird gef\u00fchrt von Meisterin V. Nachtigall, im Jahr 1982 in Kasachstan geboren, aufgewachsen in Deutschland seit 1986. Als Kind einer Sp\u00e4taussiedler-Familie waren gute Schulnoten und Benehmen stets an der Tagesordnung. Die sportliche Affinit\u00e4t war schon in die Wiege gelegt. Doch der Wunsch nach Kampfsport wurde (und das in Zeiten <a href=\"https:\/\/asa-sulingen.de\/?page_id=3893\" rel=\"nofollow\"><span class=\"sr-only\">Read more about Biographie<\/span>[&hellip;]<\/a><\/p>\n","protected":false},"author":2,"featured_media":0,"parent":0,"menu_order":0,"comment_status":"closed","ping_status":"closed","template":"","meta":{"_themeisle_gutenberg_block_has_review":false,"footnotes":""},"class_list":["post-3893","page","type-page","status-publish","hentry"],"_links":{"self":[{"href":"https:\/\/asa-sulingen.de\/index.php?rest_route=\/wp\/v2\/pages\/3893","targetHints":{"allow":["GET"]}}],"collection":[{"href":"https:\/\/asa-sulingen.de\/index.php?rest_route=\/wp\/v2\/pages"}],"about":[{"href":"https:\/\/asa-sulingen.de\/index.php?rest_route=\/wp\/v2\/types\/page"}],"author":[{"embeddable":true,"href":"https:\/\/asa-sulingen.de\/index.php?rest_route=\/wp\/v2\/users\/2"}],"replies":[{"embeddable":true,"href":"https:\/\/asa-sulingen.de\/index.php?rest_route=%2Fwp%2Fv2%2Fcomments&post=3893"}],"version-history":[{"count":16,"href":"https:\/\/asa-sulingen.de\/index.php?rest_route=\/wp\/v2\/pages\/3893\/revisions"}],"predecessor-version":[{"id":3938,"href":"https:\/\/asa-sulingen.de\/index.php?rest_route=\/wp\/v2\/pages\/3893\/revisions\/3938"}],"wp:attachment":[{"href":"https:\/\/asa-sulingen.de\/index.php?rest_route=%2Fwp%2Fv2%2Fmedia&parent=3893"}],"curies":[{"name":"wp","href":"https:\/\/api.w.org\/{rel}","templated":true}]}}